{"id":393,"date":"2022-07-17T10:10:10","date_gmt":"2022-07-17T08:10:10","guid":{"rendered":"https:\/\/apartmani-oko.hr\/2022\/?page_id=393"},"modified":"2022-07-26T17:53:04","modified_gmt":"2022-07-26T15:53:04","slug":"home","status":"publish","type":"page","link":"https:\/\/apartmani-oko.hr\/it\/","title":{"rendered":"Home"},"content":{"rendered":"<p>La casa si trova nella parte centrale di Bol. Dista 300 metri dal centro. Si trova in un&#8217;ottima posizione che offre pace e tranquillit\u00e0 anche nel bel mezzo della stagione estiva. La casa \u00e8 costruita con la famosa pietra di Brac ed \u00e8 una combinazione di costruzione moderna e tradizionale. \u00c8 previsto un parcheggio per gli ospiti. Un bel giardino fiorito circonda la casa ed \u00e8 ad uso gratuito degli ospiti.<\/p>\n","protected":false},"excerpt":{"rendered":"<p>La casa si trova nella parte centrale di Bol. Dista 300 metri dal centro. Si trova in un&#8217;ottima posizione che offre pace e tranquillit\u00e0 anche nel bel mezzo della stagione &#8230;<\/p>\n","protected":false},"author":1,"featured_media":30,"parent":0,"menu_order":0,"comment_status":"closed","ping_status":"closed","template":"template-frontpage.php","meta":{"_acf_changed":false,"inline_featured_image":false,"footnotes":""},"class_list":["post-393","page","type-page","status-publish","has-post-thumbnail","hentry"],"acf":[],"_links":{"self":[{"href":"https:\/\/apartmani-oko.hr\/it\/wp-json\/wp\/v2\/pages\/393","targetHints":{"allow":["GET"]}}],"collection":[{"href":"https:\/\/apartmani-oko.hr\/it\/wp-json\/wp\/v2\/pages"}],"about":[{"href":"https:\/\/apartmani-oko.hr\/it\/wp-json\/wp\/v2\/types\/page"}],"author":[{"embeddable":true,"href":"https:\/\/apartmani-oko.hr\/it\/wp-json\/wp\/v2\/users\/1"}],"replies":[{"embeddable":true,"href":"https:\/\/apartmani-oko.hr\/it\/wp-json\/wp\/v2\/comments?post=393"}],"version-history":[{"count":1,"href":"https:\/\/apartmani-oko.hr\/it\/wp-json\/wp\/v2\/pages\/393\/revisions"}],"predecessor-version":[{"id":394,"href":"https:\/\/apartmani-oko.hr\/it\/wp-json\/wp\/v2\/pages\/393\/revisions\/394"}],"wp:featuredmedia":[{"embeddable":true,"href":"https:\/\/apartmani-oko.hr\/it\/wp-json\/wp\/v2\/media\/30"}],"wp:attachment":[{"href":"https:\/\/apartmani-oko.hr\/it\/wp-json\/wp\/v2\/media?parent=393"}],"curies":[{"name":"wp","href":"https:\/\/api.w.org\/{rel}","templated":true}]}}