{"id":391,"date":"2022-07-17T10:10:10","date_gmt":"2022-07-17T08:10:10","guid":{"rendered":"https:\/\/apartmani-oko.hr\/2022\/?page_id=391"},"modified":"2024-12-30T10:17:18","modified_gmt":"2024-12-30T09:17:18","slug":"startseite","status":"publish","type":"page","link":"https:\/\/apartmani-oko.hr\/de\/","title":{"rendered":"Startseite"},"content":{"rendered":"<p>Das Haus befindet sich im zentralen Teil von Bol. Es ist 300 m vom Zentrum entfernt. Es befindet sich in einer sehr guten Lage, die auch mitten in der Sommersaison Ruhe und Frieden bietet. Das Haus ist aus dem ber\u00fchmten Brac-Stein gebaut und ist eine Kombination aus moderner und traditioneller Bauweise. Parkpl\u00e4tze f\u00fcr G\u00e4ste sind vorhanden. Ein wundersch\u00f6ner Blumengarten umgibt das Haus und steht den G\u00e4sten kostenlos zur Verf\u00fcgung.<\/p>\n","protected":false},"excerpt":{"rendered":"<p>Das Haus befindet sich im zentralen Teil von Bol. Es ist 300 m vom Zentrum entfernt. Es befindet sich in einer sehr guten Lage, die auch mitten in der Sommersaison &#8230;<\/p>\n","protected":false},"author":1,"featured_media":29,"parent":0,"menu_order":0,"comment_status":"closed","ping_status":"closed","template":"template-frontpage.php","meta":{"_acf_changed":false,"inline_featured_image":false,"footnotes":""},"class_list":["post-391","page","type-page","status-publish","has-post-thumbnail","hentry"],"acf":[],"_links":{"self":[{"href":"https:\/\/apartmani-oko.hr\/de\/wp-json\/wp\/v2\/pages\/391","targetHints":{"allow":["GET"]}}],"collection":[{"href":"https:\/\/apartmani-oko.hr\/de\/wp-json\/wp\/v2\/pages"}],"about":[{"href":"https:\/\/apartmani-oko.hr\/de\/wp-json\/wp\/v2\/types\/page"}],"author":[{"embeddable":true,"href":"https:\/\/apartmani-oko.hr\/de\/wp-json\/wp\/v2\/users\/1"}],"replies":[{"embeddable":true,"href":"https:\/\/apartmani-oko.hr\/de\/wp-json\/wp\/v2\/comments?post=391"}],"version-history":[{"count":1,"href":"https:\/\/apartmani-oko.hr\/de\/wp-json\/wp\/v2\/pages\/391\/revisions"}],"predecessor-version":[{"id":392,"href":"https:\/\/apartmani-oko.hr\/de\/wp-json\/wp\/v2\/pages\/391\/revisions\/392"}],"wp:featuredmedia":[{"embeddable":true,"href":"https:\/\/apartmani-oko.hr\/de\/wp-json\/wp\/v2\/media\/29"}],"wp:attachment":[{"href":"https:\/\/apartmani-oko.hr\/de\/wp-json\/wp\/v2\/media?parent=391"}],"curies":[{"name":"wp","href":"https:\/\/api.w.org\/{rel}","templated":true}]}}